{"id":2901,"date":"2015-11-18T08:34:00","date_gmt":"2015-11-18T08:34:00","guid":{"rendered":"http:\/\/demo.thimpress.com\/eduma\/?page_id=2901"},"modified":"2023-09-12T21:38:56","modified_gmt":"2023-09-13T02:38:56","slug":"quienes-somos","status":"publish","type":"page","link":"https:\/\/hosbuk.com\/web\/quienes-somos\/","title":{"rendered":"Quienes Somos"},"content":{"rendered":"\t\t<div data-elementor-type=\"wp-post\" data-elementor-id=\"2901\" class=\"elementor elementor-2901\">\n\t\t\t\t\t\t<section class=\"elementor-section elementor-top-section elementor-element elementor-element-7d27883 elementor-section-boxed elementor-section-height-default elementor-section-height-default\" data-id=\"7d27883\" data-element_type=\"section\" data-e-type=\"section\">\n\t\t\t\t\t\t<div class=\"elementor-container elementor-column-gap-default\">\n\t\t\t\t\t<div class=\"elementor-column elementor-col-100 elementor-top-column elementor-element elementor-element-d513acf\" data-id=\"d513acf\" data-element_type=\"column\" data-e-type=\"column\">\n\t\t\t<div class=\"elementor-widget-wrap elementor-element-populated\">\n\t\t\t\t\t\t<div class=\"elementor-element elementor-element-3197733 thim-ekits-heading-text-center elementor-widget thim-ekits-heading elementor-widget-thim-heading\" data-id=\"3197733\" data-element_type=\"widget\" data-e-type=\"widget\" data-widget_type=\"thim-heading.default\">\n\t\t\t\t<div class=\"elementor-widget-container\">\n\t\t\t\t\t<div class=\"sc_heading text-center\"><h2 class=\"title\">HISTORIA <\/h2><div class=\"sub-heading\"><div align='justify'>La empresa se constituye legalmente en el mes de julio del a\u00f1o 2022. Esta idea nace como una inspiraci\u00f3n o sue\u00f1o de su CEO. Mientras trabajaba como ama de llaves, y daba instrucciones en el trabajo; observo el oc\u00e9ano desde el balc\u00f3n de una habitaci\u00f3n, y pudo visualizar su academia como un objetivo a ser realizado. Sinti\u00f3 que todos sus a\u00f1os de experiencia en el \u00e1rea hotelera y tur\u00edstica (alrededor de 18 a\u00f1os), serian \u00fatiles para ense\u00f1ar y transmitir estos conocimientos adquiridos; con el fin de servir de apoyo a las personas que deseen capacitarse en la industria tur\u00edstica y hotelera.<br \/>\nSu experiencia, conocimientos adquiridos en diferentes empresas internacionales hoteleras desempe\u00f1\u00e1ndose como mayordomo y ama de llaves; y el deseo de ense\u00f1ar la empujaron que se haga realidad este hermoso proyecto. <br \/>\nY fue as\u00ed como \u201cLa Academia Hosbuk\u201d se materializa, especializada en amas de llaves y mayordomos, pionera en el pa\u00eds.\n<\/div>\n<\/div><\/div>\t\t\t\t<\/div>\n\t\t\t\t<\/div>\n\t\t\t\t\t<\/div>\n\t\t<\/div>\n\t\t\t\t\t<\/div>\n\t\t<\/section>\n\t\t\t\t<section class=\"elementor-section elementor-top-section elementor-element elementor-element-2774d67 elementor-section-stretched elementor-section-boxed elementor-section-height-default elementor-section-height-default\" data-id=\"2774d67\" data-element_type=\"section\" data-e-type=\"section\" data-settings=\"{&quot;stretch_section&quot;:&quot;section-stretched&quot;,&quot;background_background&quot;:&quot;classic&quot;}\">\n\t\t\t\t\t\t<div class=\"elementor-container elementor-column-gap-default\">\n\t\t\t\t\t<div class=\"elementor-column elementor-col-50 elementor-top-column elementor-element elementor-element-550e34f\" data-id=\"550e34f\" data-element_type=\"column\" data-e-type=\"column\">\n\t\t\t<div class=\"elementor-widget-wrap elementor-element-populated\">\n\t\t\t\t\t\t<div class=\"elementor-element elementor-element-fb15edd iconbox-text-left elementor-widget elementor-widget-thim-icon-box\" data-id=\"fb15edd\" data-element_type=\"widget\" data-e-type=\"widget\" data-widget_type=\"thim-icon-box.default\">\n\t\t\t\t<div class=\"elementor-widget-container\">\n\t\t\t\t\t<div class=\"thim-widget-icon-box\"><div class=\"wrapper-box-icon has_custom_image text-left \"><div class=\"smicon-box iconbox-top\"><div class=\"boxes-icon\"><span class=\"inner-icon\"><span class=\"icon icon-images\"><img fetchpriority=\"high\" decoding=\"async\" src=\"https:\/\/hosbuk.com\/web\/wp-content\/uploads\/2022\/04\/courses-7.jpg\" alt=\"courses-7\"  width=\"970\" height=\"560\"><\/span><\/span><\/div><div class=\"content-inner\"><div class=\"sc-heading\"><h3 class=\"heading__primary\">Misi\u00f3n<\/h3><\/div><div class=\"desc-icon-box\"><div class=\"desc-content\"><div align='justify'>La Misi\u00f3n de nuestra empresa es capacitar con alto profesionalismo y conocimientos a nuestros estudiantes, brindando servicios de excelencia cumpliendo con altos est\u00e1ndares de calidad dentro de la Industria de la Hospitalidad, Consultor\u00eda, Reclutamiento y Proyectos. <\/div><\/div><\/div><\/div><\/div><\/div><\/div>\t\t\t\t<\/div>\n\t\t\t\t<\/div>\n\t\t\t\t\t<\/div>\n\t\t<\/div>\n\t\t\t\t<div class=\"elementor-column elementor-col-50 elementor-top-column elementor-element elementor-element-8246a6f\" data-id=\"8246a6f\" data-element_type=\"column\" data-e-type=\"column\">\n\t\t\t<div class=\"elementor-widget-wrap elementor-element-populated\">\n\t\t\t\t\t\t<div class=\"elementor-element elementor-element-790c993 iconbox-text-left elementor-widget elementor-widget-thim-icon-box\" data-id=\"790c993\" data-element_type=\"widget\" data-e-type=\"widget\" data-widget_type=\"thim-icon-box.default\">\n\t\t\t\t<div class=\"elementor-widget-container\">\n\t\t\t\t\t<div class=\"thim-widget-icon-box\"><div class=\"wrapper-box-icon has_custom_image text-left \"><div class=\"smicon-box iconbox-top\"><div class=\"boxes-icon\"><span class=\"inner-icon\"><span class=\"icon icon-images\"><img decoding=\"async\" src=\"https:\/\/hosbuk.com\/web\/wp-content\/uploads\/2022\/04\/courses-4.jpg\" alt=\"courses-4\"  width=\"970\" height=\"560\"><\/span><\/span><\/div><div class=\"content-inner\"><div class=\"sc-heading\"><h3 class=\"heading__primary\">Visi\u00f3n<\/h3><\/div><div class=\"desc-icon-box\"><div class=\"desc-content\"><div align='justify'>Nuestra Visi\u00f3n es consolidarnos como una empresa innovadora y como la mejor dentro de su rama en el Ecuador y expandirnos al mundo ofreciendo nuestros servicios accesibles, de alta calidad y competitividad.  <\/div><\/div><\/div><\/div><\/div><\/div><\/div>\t\t\t\t<\/div>\n\t\t\t\t<\/div>\n\t\t\t\t\t<\/div>\n\t\t<\/div>\n\t\t\t\t\t<\/div>\n\t\t<\/section>\n\t\t\t\t<section class=\"elementor-section elementor-top-section elementor-element elementor-element-6367888 elementor-section-stretched elementor-section-boxed elementor-section-height-default elementor-section-height-default\" data-id=\"6367888\" data-element_type=\"section\" data-e-type=\"section\" data-settings=\"{&quot;stretch_section&quot;:&quot;section-stretched&quot;,&quot;background_background&quot;:&quot;classic&quot;}\">\n\t\t\t\t\t\t<div class=\"elementor-container elementor-column-gap-default\">\n\t\t\t\t\t<div class=\"elementor-column elementor-col-100 elementor-top-column elementor-element elementor-element-9aa7018\" data-id=\"9aa7018\" data-element_type=\"column\" data-e-type=\"column\">\n\t\t\t<div class=\"elementor-widget-wrap elementor-element-populated\">\n\t\t\t\t\t\t<div class=\"elementor-element elementor-element-9ff1121 elementor-widget elementor-widget-text-editor\" data-id=\"9ff1121\" data-element_type=\"widget\" data-e-type=\"widget\" data-widget_type=\"text-editor.default\">\n\t\t\t\t<div class=\"elementor-widget-container\">\n\t\t\t\t\t\t\t\t\t<h5 align=\"justify\"><span style=\"color: #000000;\">Valores<\/span><\/h5>\n<div align=\"justify\">&nbsp;Nuestros valores se fundamentan:<\/div>\n<ul>\n<li style=\"list-style-type: none;\">\n<ul>\n<li style=\"list-style-type: none;\">\n<ul>\n<li><b>La Transparencia<\/b>, en lo que hacemos y en las relaciones que construimos con nuestros estudiantes y personal educativo.<\/li>\n<li><b>Excelencia<\/b> en la educaci\u00f3n que impartimos para formar de la mejor manera a nuestros estudiantes y cumplir con altos est\u00e1ndares de calidad.<\/li>\n<li><b>Pasi\u00f3n<\/b> por lo que hacemos.<\/li>\n<li><b>Respeto<\/b> por la diversidad \u00e9tnica, cultural y creencias religiosas de nuestros estudiantes.<\/li>\n<li><b>Compromiso<\/b> de formar y llevar a lo m\u00e1s alto a nuestra academia y sus estudiantes.<\/li>\n<\/ul>\n<\/li>\n<\/ul>\n<\/li>\n<\/ul>\t\t\t\t\t\t\t\t<\/div>\n\t\t\t\t<\/div>\n\t\t\t\t\t<\/div>\n\t\t<\/div>\n\t\t\t\t\t<\/div>\n\t\t<\/section>\n\t\t\t\t<\/div>\n\t\t","protected":false},"excerpt":{"rendered":"<p>HISTORIA La empresa se constituye legalmente en el mes de julio del a\u00f1o 2022. Esta idea nace como una inspiraci\u00f3n o sue\u00f1o de su CEO. Mientras trabajaba como ama de llaves, y daba instrucciones en el trabajo; observo el oc\u00e9ano &hellip; <\/p>\n","protected":false},"author":21,"featured_media":0,"parent":0,"menu_order":0,"comment_status":"closed","ping_status":"closed","template":"","meta":{"_bbp_topic_count":0,"_bbp_reply_count":0,"_bbp_total_topic_count":0,"_bbp_total_reply_count":0,"_bbp_voice_count":0,"_bbp_anonymous_reply_count":0,"_bbp_topic_count_hidden":0,"_bbp_reply_count_hidden":0,"_bbp_forum_subforum_count":0,"footnotes":""},"class_list":["post-2901","page","type-page","status-publish","hentry"],"_links":{"self":[{"href":"https:\/\/hosbuk.com\/web\/wp-json\/wp\/v2\/pages\/2901","targetHints":{"allow":["GET"]}}],"collection":[{"href":"https:\/\/hosbuk.com\/web\/wp-json\/wp\/v2\/pages"}],"about":[{"href":"https:\/\/hosbuk.com\/web\/wp-json\/wp\/v2\/types\/page"}],"author":[{"embeddable":true,"href":"https:\/\/hosbuk.com\/web\/wp-json\/wp\/v2\/users\/21"}],"replies":[{"embeddable":true,"href":"https:\/\/hosbuk.com\/web\/wp-json\/wp\/v2\/comments?post=2901"}],"version-history":[{"count":6,"href":"https:\/\/hosbuk.com\/web\/wp-json\/wp\/v2\/pages\/2901\/revisions"}],"predecessor-version":[{"id":17761,"href":"https:\/\/hosbuk.com\/web\/wp-json\/wp\/v2\/pages\/2901\/revisions\/17761"}],"wp:attachment":[{"href":"https:\/\/hosbuk.com\/web\/wp-json\/wp\/v2\/media?parent=2901"}],"curies":[{"name":"wp","href":"https:\/\/api.w.org\/{rel}","templated":true}]}}